{"id":16397,"date":"2025-01-22T06:16:00","date_gmt":"2025-01-22T05:16:00","guid":{"rendered":"https:\/\/weingaertner-it.de\/?post_type=product&#038;p=16397"},"modified":"2026-04-14T18:32:21","modified_gmt":"2026-04-14T16:32:21","slug":"nextcloud-talk-high-performance-backend","status":"publish","type":"product","link":"https:\/\/weingaertner-it.de\/index.php\/produkt\/nextcloud-talk-high-performance-backend\/","title":{"rendered":"Nextcloud Talk High Performance Backend"},"content":{"rendered":"<p>Nextcloud Talk ist ideal f\u00fcr Audio\/Video Meetings und Chat. Talk kann im Browser genutzt werden, mit Edge, Firefox, Chrome, Safari, Iridium, Opera u.a. Browsern. F\u00fcr Smartphones und Tablets gibt es Nextcloud Talk kostenlos als iOS und Android App.<\/p>\n<p>Weing\u00e4rtner IT Services sorgt daf\u00fcr, dass Ihr Server immer mit den aktuellsten Sicherheitsupdates versorgt ist und dass die Systemsoftware und Serverdienste korrekt arbeiten. Sie brauchen sich also keine Sorgen um die Konfiguration Ihrer Serversoftware zu machen. Das \u00fcbernehmen wir f\u00fcr Sie!<\/p>\n<p><strong>Bitte beachten Sie, dass es sich hierbei um ein Managed Root Server Produkt ohne root-Rechte oder sudo-Rechte handelt..<\/strong> <\/p>\n<p>Die Mindestvertragslaufzeit betr\u00e4gt 1 Monat.<br \/>\nDer Vertrag verl\u00e4ngert sich automatisch, die K\u00fcndigungsfrist betr\u00e4gt 4 Wochen zum Monatsende.<br \/>\nZahlungsweise: Monatlich im Voraus.<\/p>\n","protected":false},"excerpt":{"rendered":"<p>Managed Nextcloud Talk High Performance Backend<\/p>\n","protected":false},"featured_media":8855,"comment_status":"open","ping_status":"closed","template":"","meta":{"_kad_post_transparent":"","_kad_post_title":"","_kad_post_layout":"","_kad_post_sidebar_id":"","_kad_post_content_style":"","_kad_post_vertical_padding":"","_kad_post_feature":"","_kad_post_feature_position":"","_kad_post_header":false,"_kad_post_footer":false,"_kad_post_classname":""},"product_brand":[],"product_cat":[143,57,65],"product_tag":[151,165,152,163,164],"class_list":{"0":"post-16397","1":"product","2":"type-product","3":"status-publish","4":"has-post-thumbnail","6":"product_cat-kommunikation-2","7":"product_cat-managed-server","8":"product_cat-videokonferenz","9":"product_tag-hosting","10":"product_tag-hpb","11":"product_tag-managed-server","12":"product_tag-nextcloud","13":"product_tag-talk","15":"first","16":"instock","17":"taxable","18":"shipping-taxable","19":"purchasable","20":"product-type-variable-subscription","21":"entry","22":"content-bg","23":"loop-entry"},"exclude_global_add_ons":false,"addons":[{"name":"Domain","type":"custom_text","position":0,"required":false,"title_format":"label","default":"","description_enable":false,"description":"","placeholder_enable":true,"placeholder":"","display":"select","restrictions_type":"any_text","adjust_price":false,"price":"","price_type":"flat_fee","restrictions":false,"min":"0","max":"0","options":[],"id":1776240848},{"name":"Username","type":"custom_text","position":1,"required":false,"title_format":"label","default":"","description_enable":false,"description":"","placeholder_enable":false,"placeholder":"","display":"select","restrictions_type":"only_letters_numbers","adjust_price":false,"price":"","price_type":"flat_fee","restrictions":true,"min":"3","max":"24","options":[],"id":1776240960}],"aioseo_notices":[],"_links":{"self":[{"href":"https:\/\/weingaertner-it.de\/index.php\/wp-json\/wp\/v2\/product\/16397","targetHints":{"allow":["GET"]}}],"collection":[{"href":"https:\/\/weingaertner-it.de\/index.php\/wp-json\/wp\/v2\/product"}],"about":[{"href":"https:\/\/weingaertner-it.de\/index.php\/wp-json\/wp\/v2\/types\/product"}],"replies":[{"embeddable":true,"href":"https:\/\/weingaertner-it.de\/index.php\/wp-json\/wp\/v2\/comments?post=16397"}],"wp:featuredmedia":[{"embeddable":true,"href":"https:\/\/weingaertner-it.de\/index.php\/wp-json\/wp\/v2\/media\/8855"}],"wp:attachment":[{"href":"https:\/\/weingaertner-it.de\/index.php\/wp-json\/wp\/v2\/media?parent=16397"}],"wp:term":[{"taxonomy":"product_brand","embeddable":true,"href":"https:\/\/weingaertner-it.de\/index.php\/wp-json\/wp\/v2\/product_brand?post=16397"},{"taxonomy":"product_cat","embeddable":true,"href":"https:\/\/weingaertner-it.de\/index.php\/wp-json\/wp\/v2\/product_cat?post=16397"},{"taxonomy":"product_tag","embeddable":true,"href":"https:\/\/weingaertner-it.de\/index.php\/wp-json\/wp\/v2\/product_tag?post=16397"}],"curies":[{"name":"wp","href":"https:\/\/api.w.org\/{rel}","templated":true}]}}