{"id":16264,"date":"2024-12-30T11:31:50","date_gmt":"2024-12-30T10:31:50","guid":{"rendered":"https:\/\/weingaertner-it.de\/?post_type=product&#038;p=16264"},"modified":"2026-04-24T13:16:43","modified_gmt":"2026-04-24T11:16:43","slug":"ai-server","status":"publish","type":"product","link":"https:\/\/weingaertner-it.de\/index.php\/produkt\/ai-server\/","title":{"rendered":"AI-Server"},"content":{"rendered":"<p>AI-Server (Chatbot) auf Basis Ollama und Open WebUI<\/p>\n<p>Weing\u00e4rtner IT Services sorgt daf\u00fcr, dass Ihr Server immer mit den aktuellsten Sicherheitsupdates versorgt ist und dass die Systemsoftware und Serverdienste korrekt arbeiten. Sie brauchen sich also keine Sorgen um die Konfiguration Ihrer Serversoftware zu machen. Das \u00fcbernehmen wir f\u00fcr Sie!<\/p>\n<p><strong>Bitte beachten Sie, dass es sich hierbei um ein Managed Root Server Produkt ohne root-Rechte oder sudo-Rechte handelt..<\/strong> <\/p>\n<p>Die Mindestvertragslaufzeit betr\u00e4gt 1 Monat.<br \/>\nDer Vertrag verl\u00e4ngert sich automatisch, die K\u00fcndigungsfrist betr\u00e4gt 4 Wochen zum Monatsende.<br \/>\nZahlungsweise: Monatlich im Voraus.<\/p>\n","protected":false},"excerpt":{"rendered":"<p>AI-Server (Chatbot) auf Basis Ollama und Open WebUI<\/p>\n<p>Weing\u00e4rtner IT Services sorgt daf\u00fcr, dass Ihr Server immer mit den aktuellsten Sicherheitsupdates versorgt ist und dass die Systemsoftware und Serverdienste korrekt arbeiten. Sie brauchen sich also keine Sorgen um die Konfiguration Ihrer Serversoftware zu machen. Das \u00fcbernehmen wir f\u00fcr Sie!<\/p>\n<p><strong>Bitte beachten Sie, dass es sich hierbei um ein Managed Root Server Produkt ohne root-Rechte oder sudo-Rechte handelt..<\/strong> <\/p>\n<p>Die Mindestvertragslaufzeit betr\u00e4gt 1 Monat.<br \/>\nDer Vertrag verl\u00e4ngert sich automatisch, die K\u00fcndigungsfrist betr\u00e4gt 4 Wochen zum Monatsende.<br \/>\nZahlungsweise: Monatlich im Voraus.<\/p>\n","protected":false},"featured_media":11429,"comment_status":"open","ping_status":"closed","template":"","meta":{"_kadence_starter_templates_imported_post":false,"_kad_post_transparent":"default","_kad_post_title":"","_kad_post_layout":"default","_kad_post_sidebar_id":"","_kad_post_content_style":"default","_kad_post_vertical_padding":"default","_kad_post_feature":"","_kad_post_feature_position":"","_kad_post_header":false,"_kad_post_footer":false,"_kad_post_classname":""},"product_brand":[],"product_cat":[57],"product_tag":[159,160,151,152,162,161],"class_list":{"0":"post-16264","1":"product","2":"type-product","3":"status-publish","4":"has-post-thumbnail","6":"product_cat-managed-server","7":"product_tag-ai","8":"product_tag-chatbot","9":"product_tag-hosting","10":"product_tag-managed-server","11":"product_tag-ollama","12":"product_tag-open-webui","14":"first","15":"instock","16":"taxable","17":"shipping-taxable","18":"purchasable","19":"product-type-variable-subscription","20":"entry","21":"content-bg","22":"loop-entry"},"exclude_global_add_ons":false,"addons":[{"name":"Domain","type":"custom_text","position":0,"required":false,"title_format":"label","default":"","description_enable":false,"description":"","placeholder_enable":true,"placeholder":"","display":"select","restrictions_type":"any_text","adjust_price":false,"price":"","price_type":"flat_fee","restrictions":false,"min":"0","max":"0","options":[],"id":1776240848},{"name":"Username","type":"custom_text","position":1,"required":false,"title_format":"label","default":"","description_enable":false,"description":"","placeholder_enable":false,"placeholder":"","display":"select","restrictions_type":"only_letters_numbers","adjust_price":false,"price":"","price_type":"flat_fee","restrictions":true,"min":"3","max":"24","options":[],"id":1776240960}],"aioseo_notices":[],"_links":{"self":[{"href":"https:\/\/weingaertner-it.de\/index.php\/wp-json\/wp\/v2\/product\/16264","targetHints":{"allow":["GET"]}}],"collection":[{"href":"https:\/\/weingaertner-it.de\/index.php\/wp-json\/wp\/v2\/product"}],"about":[{"href":"https:\/\/weingaertner-it.de\/index.php\/wp-json\/wp\/v2\/types\/product"}],"replies":[{"embeddable":true,"href":"https:\/\/weingaertner-it.de\/index.php\/wp-json\/wp\/v2\/comments?post=16264"}],"wp:featuredmedia":[{"embeddable":true,"href":"https:\/\/weingaertner-it.de\/index.php\/wp-json\/wp\/v2\/media\/11429"}],"wp:attachment":[{"href":"https:\/\/weingaertner-it.de\/index.php\/wp-json\/wp\/v2\/media?parent=16264"}],"wp:term":[{"taxonomy":"product_brand","embeddable":true,"href":"https:\/\/weingaertner-it.de\/index.php\/wp-json\/wp\/v2\/product_brand?post=16264"},{"taxonomy":"product_cat","embeddable":true,"href":"https:\/\/weingaertner-it.de\/index.php\/wp-json\/wp\/v2\/product_cat?post=16264"},{"taxonomy":"product_tag","embeddable":true,"href":"https:\/\/weingaertner-it.de\/index.php\/wp-json\/wp\/v2\/product_tag?post=16264"}],"curies":[{"name":"wp","href":"https:\/\/api.w.org\/{rel}","templated":true}]}}