{"id":15257,"date":"2024-05-29T11:16:59","date_gmt":"2024-05-29T09:16:59","guid":{"rendered":"https:\/\/weingaertner-it.de\/?post_type=product&#038;p=15257"},"modified":"2024-06-17T13:54:19","modified_gmt":"2024-06-17T11:54:19","slug":"wazuh-server-xdr-siem","status":"publish","type":"product","link":"https:\/\/weingaertner-it.de\/index.php\/produkt\/wazuh-server-xdr-siem\/","title":{"rendered":"Wazuh Server (SIEM)"},"content":{"rendered":"<p>Die Wazuh Security Information and Event Management (SIEM)-L\u00f6sung ist eine zentralisierte Plattform zur Aggregation und Analyse von Telemetriedaten in Echtzeit zur Bedrohungserkennung und Compliance. Wazuh sammelt Ereignisdaten aus verschiedenen Quellen wie Endpunkten, Netzwerkger\u00e4ten, Cloud-Workloads und Anwendungen f\u00fcr eine breitere Sicherheitsabdeckung.<\/p>\n<p>Weing\u00e4rtner IT Services sorgt daf\u00fcr, dass Ihr Server immer mit den aktuellsten Sicherheitsupdates versorgt ist und dass die Systemsoftware und Serverdienste korrekt arbeiten. Sie brauchen sich also keine Sorgen um die Konfiguration Ihrer Serversoftware zu machen. Das \u00fcbernehmen wir f\u00fcr Sie!<\/p>\n<p><strong>Bitte beachten Sie, dass es sich hierbei um ein Managed Root Server Produkt ohne root-Rechte oder sudo-Rechte handelt..<\/strong> <\/p>\n<p>Die Mindestvertragslaufzeit betr\u00e4gt 1 Monat.<br \/>\nDer Vertrag verl\u00e4ngert sich automatisch, die K\u00fcndigungsfrist betr\u00e4gt 4 Wochen zum Monatsende.<br \/>\nZahlungsweise: Monatlich im Voraus.<\/p>\n","protected":false},"excerpt":{"rendered":"<p>Managed Wazuh Server<br \/>\nDie Mindestvertragslaufzeit betr\u00e4gt 1 Monat.<br \/>\nDer Vertrag verl\u00e4ngert sich automatisch, die K\u00fcndigungsfrist betr\u00e4gt 4 Wochen zum Monatsende.<br \/>\nZahlungsweise: Monatlich im Voraus.<\/p>\n","protected":false},"featured_media":11429,"comment_status":"open","ping_status":"closed","template":"","meta":[],"product_brand":[],"product_cat":[57,147],"product_tag":[151,152,150,149,148,153],"class_list":{"0":"post-15257","1":"product","2":"type-product","3":"status-publish","4":"has-post-thumbnail","6":"product_cat-managed-server","7":"product_cat-siem","8":"product_tag-hosting","9":"product_tag-managed-server","10":"product_tag-security","11":"product_tag-siem","12":"product_tag-wazuh","13":"product_tag-xdr","15":"first","16":"instock","17":"taxable","18":"shipping-taxable","19":"purchasable","20":"product-type-variable"},"aioseo_notices":[],"_links":{"self":[{"href":"https:\/\/weingaertner-it.de\/index.php\/wp-json\/wp\/v2\/product\/15257","targetHints":{"allow":["GET"]}}],"collection":[{"href":"https:\/\/weingaertner-it.de\/index.php\/wp-json\/wp\/v2\/product"}],"about":[{"href":"https:\/\/weingaertner-it.de\/index.php\/wp-json\/wp\/v2\/types\/product"}],"replies":[{"embeddable":true,"href":"https:\/\/weingaertner-it.de\/index.php\/wp-json\/wp\/v2\/comments?post=15257"}],"wp:featuredmedia":[{"embeddable":true,"href":"https:\/\/weingaertner-it.de\/index.php\/wp-json\/wp\/v2\/media\/11429"}],"wp:attachment":[{"href":"https:\/\/weingaertner-it.de\/index.php\/wp-json\/wp\/v2\/media?parent=15257"}],"wp:term":[{"taxonomy":"product_brand","embeddable":true,"href":"https:\/\/weingaertner-it.de\/index.php\/wp-json\/wp\/v2\/product_brand?post=15257"},{"taxonomy":"product_cat","embeddable":true,"href":"https:\/\/weingaertner-it.de\/index.php\/wp-json\/wp\/v2\/product_cat?post=15257"},{"taxonomy":"product_tag","embeddable":true,"href":"https:\/\/weingaertner-it.de\/index.php\/wp-json\/wp\/v2\/product_tag?post=15257"}],"curies":[{"name":"wp","href":"https:\/\/api.w.org\/{rel}","templated":true}]}}