{"id":11516,"date":"2022-05-30T08:11:52","date_gmt":"2022-05-30T06:11:52","guid":{"rendered":"https:\/\/weingaertner-it.de\/index.php\/echtheit-von-bewertungen\/"},"modified":"2023-10-20T10:11:40","modified_gmt":"2023-10-20T08:11:40","slug":"echtheit-von-bewertungen","status":"publish","type":"page","link":"https:\/\/weingaertner-it.de\/index.php\/echtheit-von-bewertungen\/","title":{"rendered":"Echtheit von Bewertungen"},"content":{"rendered":"<p>Jede Bewertung wird vor der Ver\u00f6ffentlichung individuell moderiert und gepr\u00fcft und erst anschlie\u00dfend freigeschaltet.  <\/p>\n","protected":false},"excerpt":{"rendered":"<p>Jede Bewertung wird vor der Ver\u00f6ffentlichung individuell moderiert und gepr\u00fcft und erst anschlie\u00dfend freigeschaltet.<\/p>\n","protected":false},"author":1,"featured_media":0,"parent":0,"menu_order":0,"comment_status":"closed","ping_status":"closed","template":"","meta":{"footnotes":""},"class_list":["post-11516","page","type-page","status-publish","hentry"],"aioseo_notices":[],"_links":{"self":[{"href":"https:\/\/weingaertner-it.de\/index.php\/wp-json\/wp\/v2\/pages\/11516","targetHints":{"allow":["GET"]}}],"collection":[{"href":"https:\/\/weingaertner-it.de\/index.php\/wp-json\/wp\/v2\/pages"}],"about":[{"href":"https:\/\/weingaertner-it.de\/index.php\/wp-json\/wp\/v2\/types\/page"}],"author":[{"embeddable":true,"href":"https:\/\/weingaertner-it.de\/index.php\/wp-json\/wp\/v2\/users\/1"}],"replies":[{"embeddable":true,"href":"https:\/\/weingaertner-it.de\/index.php\/wp-json\/wp\/v2\/comments?post=11516"}],"version-history":[{"count":0,"href":"https:\/\/weingaertner-it.de\/index.php\/wp-json\/wp\/v2\/pages\/11516\/revisions"}],"wp:attachment":[{"href":"https:\/\/weingaertner-it.de\/index.php\/wp-json\/wp\/v2\/media?parent=11516"}],"curies":[{"name":"wp","href":"https:\/\/api.w.org\/{rel}","templated":true}]}}