{"id":11396,"date":"2022-01-18T15:36:16","date_gmt":"2022-01-18T14:36:16","guid":{"rendered":"https:\/\/weingaertner-it.de\/?page_id=11396"},"modified":"2022-01-18T15:36:16","modified_gmt":"2022-01-18T14:36:16","slug":"11396-2","status":"publish","type":"page","link":"https:\/\/weingaertner-it.de\/index.php\/11396-2\/","title":{"rendered":""},"content":{"rendered":"<p style=\"text-align: center;\"><strong>Vielen Dank f\u00fcr Ihre Zahlung. Ihre Transaktion wurde abgeschlossen und Sie erhalten per E-Mail eine Kaufbest\u00e4tigung. Loggen Sie sich in Ihr PayPal-Konto ein, um die Transaktionsdetails einzusehen.<\/strong><\/p>\n<p>&nbsp;<\/p>\n<p style=\"text-align: center;\"><a href=\"https:\/\/weingaertner-it.de\/index.php\/mein-konto\/my-subscription\/\">Meine Vertr\u00e4ge<\/a><\/p>\n","protected":false},"excerpt":{"rendered":"<p>Vielen Dank f\u00fcr Ihre Zahlung. Ihre Transaktion wurde abgeschlossen und Sie erhalten per E-Mail eine Kaufbest\u00e4tigung. Loggen Sie sich in Ihr PayPal-Konto ein, um die Transaktionsdetails einzusehen. &nbsp; Meine Vertr\u00e4ge<\/p>\n","protected":false},"author":1,"featured_media":0,"parent":0,"menu_order":0,"comment_status":"closed","ping_status":"closed","template":"","meta":{"_kad_post_transparent":"","_kad_post_title":"","_kad_post_layout":"","_kad_post_sidebar_id":"","_kad_post_content_style":"","_kad_post_vertical_padding":"","_kad_post_feature":"","_kad_post_feature_position":"","_kad_post_header":false,"_kad_post_footer":false,"_kad_post_classname":"","footnotes":""},"class_list":["post-11396","page","type-page","status-publish","hentry"],"aioseo_notices":[],"_links":{"self":[{"href":"https:\/\/weingaertner-it.de\/index.php\/wp-json\/wp\/v2\/pages\/11396","targetHints":{"allow":["GET"]}}],"collection":[{"href":"https:\/\/weingaertner-it.de\/index.php\/wp-json\/wp\/v2\/pages"}],"about":[{"href":"https:\/\/weingaertner-it.de\/index.php\/wp-json\/wp\/v2\/types\/page"}],"author":[{"embeddable":true,"href":"https:\/\/weingaertner-it.de\/index.php\/wp-json\/wp\/v2\/users\/1"}],"replies":[{"embeddable":true,"href":"https:\/\/weingaertner-it.de\/index.php\/wp-json\/wp\/v2\/comments?post=11396"}],"version-history":[{"count":0,"href":"https:\/\/weingaertner-it.de\/index.php\/wp-json\/wp\/v2\/pages\/11396\/revisions"}],"wp:attachment":[{"href":"https:\/\/weingaertner-it.de\/index.php\/wp-json\/wp\/v2\/media?parent=11396"}],"curies":[{"name":"wp","href":"https:\/\/api.w.org\/{rel}","templated":true}]}}