{"id":11331,"date":"2021-08-20T14:46:16","date_gmt":"2021-08-20T12:46:16","guid":{"rendered":"https:\/\/weingaertner-it.de\/?page_id=11331"},"modified":"2021-09-09T09:12:18","modified_gmt":"2021-09-09T07:12:18","slug":"datenschutz-und-nutzungsbedingungen","status":"publish","type":"page","link":"https:\/\/weingaertner-it.de\/index.php\/datenschutz-und-nutzungsbedingungen\/","title":{"rendered":"Datenschutz und Nutzungsbedingungen"},"content":{"rendered":"<p>Du kannst dich als Nutzer:in registrieren, wenn du diese Nutzungsregeln und die Datenschutzerkl\u00e4rung (siehe unten) anerkennst. Die Registrierung als Nutzer:in begr\u00fcndet jedoch keinen Rechtsanspruch auf die Aufrechterhaltung dieses Dienstes, auf die Verf\u00fcgbarkeit von Daten und keine Garantie f\u00fcr die vollst\u00e4ndige und dauerhafte Speicherung und \u00dcbermittlung der Daten.<\/p>\n<h3>Einschr\u00e4nkungen der Nutzung<\/h3>\n<p>Wir \u00fcberwachen dich, deinen Account, deine Nachrichten und Dateien <strong>nicht<\/strong>. Gem\u00e4\u00df \u00a7\u00a7 8-10 Telemediengesetz sind wir nicht f\u00fcr fremde Informationen verantwortlich, solange wir keine Kenntnis davon haben. Wir werden aber unverz\u00fcglich t\u00e4tig, sobald wir Kenntnis von problematischen Informationen erlangen. <strong>Wir behalten uns vor, Nutzungsm\u00f6glichkeiten einzuschr\u00e4nken<\/strong>, Nachrichten aus \u201eR\u00e4umen\u201c (Gruppen) zu entfernen, hochgeladene Dateien zu l\u00f6schen und\u2009\/\u2009oder Accounts zu deaktivieren, wenn Nutzer:innen<\/p>\n<ul>\n<li>gegen diese Bedingungen versto\u00dfen,<\/li>\n<li>gegen Gesetze der Bundesrepublik Deutschland versto\u00dfen oder<\/li>\n<li>unsere Nutzungsregeln nicht beachten.<\/li>\n<\/ul>\n<p>Wir behalten uns auch vor, den Datenaustausch mit anderen Homeservern im Matrix-Netzwerk einzuschr\u00e4nken, wenn diese Server Verhaltensweisen f\u00f6rdern, die gegen unsere Nutzungsregeln oder gegen Gesetze der Bundesrepublik Deutschland versto\u00dfen.<\/p>\n<p>Wenn problematisches Verhalten schnell gestoppt werden muss, k\u00f6nnen wir ohne Vorank\u00fcndigung Ma\u00dfnahmen ergreifen.<\/p>\n<p><strong>Bitte achte bei deiner Nutzung des Dienstes selbst auf die Einhaltung dieser Bedingungen, auf die Nutzungsregeln und auf Gesetze,<\/strong> insbesondere auf Rechte von Urheber:innen f\u00fcr Texte, Bilder, Musik und Videos, auf Pers\u00f6nlichkeitsrechte (z.B. bei Bildern) sowie auf Gesetze zum Jugendschutz.<\/p>\n<h3>Ende-zu-Ende-Verschl\u00fcsselung<\/h3>\n<p>Im Matrix-Netzwerk k\u00f6nnen Nachrichten so verschl\u00fcsselt werden, dass sie nur von dem:der Absender:in (an einem \u201eEnde\u201c der Verbindung) und von dem:der Empf\u00e4nger:in (am anderen \u201eEnde\u201c) gelesen werden k\u00f6nnen. Wenn du einen Matrix-Raum anlegst, entscheidest du selbst, ob die Kommunikation in diesem Raum verschl\u00fcsselt wird oder nicht. Bei R\u00e4umen f\u00fcr sehr viele Nutzer:innen kann es sinnvoll sein, auf Verschl\u00fcsselung zu verzichten. Wir empfehlen dir, R\u00e4ume mit wenigen Nutzer:innen und Direktnachrichten an einzelne Nutzer:innen immer zu verschl\u00fcsseln. <strong>Besonders vertrauliche Informationen darfst du nur in verschl\u00fcsselten R\u00e4umen verschicken.<\/strong><\/p>\n<h3>Grunds\u00e4tzliche Verhaltensregeln<\/h3>\n<p>Uns ist eine Umgebung und Atmosph\u00e4re wichtig, die alle Kommunikationspartner:innen als einladend, inklusiv und respektvoll wahrnehmen k\u00f6nnen. Wir erwarten von allen Personen, die \u00fcber unseren Homeserver im Matrix-Netzwerk kommunizieren, dass sie zu einer solchen Umgebung und Atmosph\u00e4re beitragen.<\/p>\n<p>Wir legen besonderen Wert darauf, dass alle Nutzer:innen Kommunikation gewalt- und unterdr\u00fcckungsfrei erfahren, unabh\u00e4ngig von Religion, Bekenntnis, Kenntnis, Erfahrung, Geschlecht(-sidentit\u00e4t und -ausdruck), sexueller Orientierung, Einschr\u00e4nkung und Behinderung, pers\u00f6nlicher Erscheinung, K\u00f6rpergr\u00f6\u00dfe, Ethnie, Alter oder Nationalit\u00e4t.<\/p>\n<p>Wir definieren Gewalt oder Unterdr\u00fcckung als jede Form von Sprache oder Handlung, die gesellschaftliche (Vor-)Herrschaft \u00fcber andere in irgendeiner Form bef\u00fcrwortet, unterst\u00fctzt, st\u00e4rkt oder damit sympathisiert.<\/p>\n<h3>Unerw\u00fcnschte Verhaltensweisen<\/h3>\n<p>Folgende Verhaltensweisen sind bei uns unerw\u00fcnscht:<\/p>\n<ul>\n<li>Bel\u00e4stigung, Stalking, Doxxing<\/li>\n<li>Rassismus, Sexismus, Beschimpfungen oder deren Bef\u00fcrwortung<\/li>\n<li>Diskriminierung von Geschlechtern und Minderheiten<\/li>\n<li>Gewaltt\u00e4tige nationalistische Propaganda, Nazi-Symbolismus oder F\u00f6rderung der Ideologie des Nationalsozialismus<\/li>\n<li>Kontaktaufnahme zu Menschen, die deutlich gemacht haben, dass sie keinen Kontakt wollen; Dogpiling<\/li>\n<li>Posten und Verbreiten von sexuellem Inhalt oder Gewaltdarstellungen<\/li>\n<li>automatische Postings (Spam)<\/li>\n<li>Bots, die ohne expliziten Anfrage von Nutzer:innen mit Nutzer:innen interagieren<\/li>\n<\/ul>\n<p>Diese Liste ist nicht abschlie\u00dfend. Wenn wir feststellen, dass andere Verhaltensweisen, die wir f\u00fcr unerw\u00fcnscht halten, mehrfach vorkommen, erg\u00e4nzen wir diese Liste. Wir k\u00f6nnen aber auch in Einzelf\u00e4llen Verhaltensweisen, die in der Liste noch nicht genannt sind, f\u00fcr unerw\u00fcnscht erkl\u00e4ren.<\/p>\n<h3>Meldung von unerw\u00fcnschtem Verhalten<\/h3>\n<p>Wenn du das Verhalten anderer Nutzer:innen f\u00fcr unerw\u00fcnscht h\u00e4ltst, kannst du uns per Mail an services@weingaertner-it.de benachrichtigen. Wir \u00fcberpr\u00fcfen alle Meldungen und ergreifen ggf. angemessene Ma\u00dfnahmen. Wir sch\u00fctzen unter allen Umst\u00e4nden die Identit\u00e4t der meldenden Nutzer:innen.<\/p>\n<h3>Kommunikationssprachen und Verantwortung f\u00fcr R\u00e4ume<\/h3>\n<p><strong>Wenn du einen nicht-\u00f6ffentlichen Matrix-Raum anlegst<\/strong> und andere Nutzer:innen in diesen Raum einl\u00e4dst, <strong>bist du daf\u00fcr verantwortlich<\/strong>, wen du einl\u00e4dst und in welchen Sprachen im Raum kommuniziert wird. Falls eine Meldung \u00fcber unerw\u00fcnschtes Verhalten in diesem Raum bei uns ankommt, die wir nicht vollst\u00e4ndig verstehen, behalten wir uns vor, dich als Raum-Administrator:in zur \u00dcbersetzung aufzufordern oder Ma\u00dfnahmen zum Schlie\u00dfen dieses Raums zu ergreifen, wenn du f\u00fcr das unerw\u00fcnschte Verhalten verantwortlich gemacht wirst.<\/p>\n<p>F\u00fcr \u00f6ffentlich (ohne Einladung) zug\u00e4ngliche Matrix-R\u00e4ume, die du anlegst, sind nur Deutsch und Englisch als Raumsprachen zugelassen.<\/p>\n<h2>Datenschutzerkl\u00e4rung<\/h2>\n<p>Das Matrix-Protokoll wurde im Hinblick auf deine Privatsph\u00e4re und deine Datenhoheit entwickelt. Da es sich hier um einen dezentralen Dienst handelt, gibt es einige wichtige Dinge zu wissen, bevor du den Dienst nutzt.<\/p>\n<h3>F\u00f6deration<\/h3>\n<p>Wenn du in einem Raum Nachrichten oder Dateien sendest, wird eine Kopie dieser Daten an alle Teilnehmer:innen im Raum gesendet. Wenn diese Teilnehmer:innen auf entfernten Homeservern registriert sind, k\u00f6nnen dein Anmeldename, dein Anzeigename, deine Nachrichten und Dateien auf jedem teilnehmenden Homeserver gespeichert werden.<\/p>\n<p>Auf deinen Wunsch hin, werden wir deine Daten auf unserem Server l\u00f6schen. Wir werden deine Anfrage auch an f\u00f6derierte Homeserver weiterleiten. Diese Homeserver liegen jedoch au\u00dferhalb unseres Einflussbereichs, so dass wir nicht garantieren k\u00f6nnen, dass sie deine Daten auch l\u00f6schen werden.<\/p>\n<p>F\u00f6derierte Homeserver k\u00f6nnen sich \u00fcberall auf der Welt befinden und unterliegen den \u00f6rtlichen Gesetzen und Vorschriften.<\/p>\n<h3>Br\u00fccken<\/h3>\n<p>Einige Matrix-R\u00e4ume sind mit Diensten Dritter, wie IRC-Netzwerken, Twitter, Telegram oder E-Mail, \u00fcberbr\u00fcckt. Wenn ein Raum \u00fcberbr\u00fcckt wurde, k\u00f6nnen deine Nachrichten und Medien auf den \u00fcberbr\u00fcckten Dienst kopiert werden. M\u00f6glicherweise ist es technisch nicht m\u00f6glich, die Verwaltung deiner Daten zu unterst\u00fctzen, sobald diese auf einen \u00fcberbr\u00fcckten Dienst kopiert wurden. Auch die \u00dcberbr\u00fcckungsdienste k\u00f6nnen sich \u00fcberall auf der Welt befinden und unterliegen den \u00f6rtlichen Gesetzen und Vorschriften.<\/p>\n<h3>Deine Daten l\u00f6schen<\/h3>\n<p>Du kannst verlangen, dass wir deine Daten l\u00f6schen, wenn du dein Konto deaktivierst. Nachdem die Nachrichten bei all deinen Chat-Partner:innen gel\u00f6scht wurden, werden die Nachrichten und Dateien auch vom Homeserver von chat.dresden.network gel\u00f6scht.<\/p>\n<p>Wenn du eine Nachricht l\u00f6schst, ist der Inhalt der Nachricht f\u00fcr Benutzer:innen nicht mehr zug\u00e4nglich. Durch das L\u00f6schen werden nur der Nachrichteninhalt, dein Anzeigename und dein Avatar entfernt &#8211; dein Anmeldename ist weiterhin sichtbar. F\u00f6derierte Homeserver und einige Matrix-Clients kommen der L\u00f6schanforderung m\u00f6glicherweise nicht nach.<\/p>\n<p>Sollte einer der oben genannten Punkte f\u00fcr dich nicht akzeptabel sein, benutze den Dienst bitte nicht!<\/p>\n<h2>Referenzen<\/h2>\n<p>Die Nutzungsregeln und die Datenschutzerkl\u00e4rung wurden in Teilen von <a href=\"https:\/\/synod.im\/_matrix\/consent\">synod.im<\/a> und <a href=\"https:\/\/matrix.org\/_matrix\/consent\">matrix.org<\/a> \u00fcbernommen.<\/p>\n","protected":false},"excerpt":{"rendered":"<p>Du kannst dich als Nutzer:in registrieren, wenn du diese Nutzungsregeln und die Datenschutzerkl\u00e4rung (siehe unten) anerkennst. Die Registrierung als Nutzer:in begr\u00fcndet jedoch keinen Rechtsanspruch auf die Aufrechterhaltung dieses Dienstes, auf die Verf\u00fcgbarkeit von Daten und keine Garantie f\u00fcr die vollst\u00e4ndige und dauerhafte Speicherung und \u00dcbermittlung der Daten. Einschr\u00e4nkungen der Nutzung Wir \u00fcberwachen dich, deinen Account,&#8230;<\/p>\n","protected":false},"author":1,"featured_media":0,"parent":0,"menu_order":0,"comment_status":"closed","ping_status":"closed","template":"","meta":{"_kadence_starter_templates_imported_post":false,"_kad_post_transparent":"","_kad_post_title":"","_kad_post_layout":"","_kad_post_sidebar_id":"","_kad_post_content_style":"","_kad_post_vertical_padding":"","_kad_post_feature":"","_kad_post_feature_position":"","_kad_post_header":false,"_kad_post_footer":false,"_kad_post_classname":"","footnotes":""},"class_list":["post-11331","page","type-page","status-publish","hentry"],"aioseo_notices":[],"_links":{"self":[{"href":"https:\/\/weingaertner-it.de\/index.php\/wp-json\/wp\/v2\/pages\/11331","targetHints":{"allow":["GET"]}}],"collection":[{"href":"https:\/\/weingaertner-it.de\/index.php\/wp-json\/wp\/v2\/pages"}],"about":[{"href":"https:\/\/weingaertner-it.de\/index.php\/wp-json\/wp\/v2\/types\/page"}],"author":[{"embeddable":true,"href":"https:\/\/weingaertner-it.de\/index.php\/wp-json\/wp\/v2\/users\/1"}],"replies":[{"embeddable":true,"href":"https:\/\/weingaertner-it.de\/index.php\/wp-json\/wp\/v2\/comments?post=11331"}],"version-history":[{"count":0,"href":"https:\/\/weingaertner-it.de\/index.php\/wp-json\/wp\/v2\/pages\/11331\/revisions"}],"wp:attachment":[{"href":"https:\/\/weingaertner-it.de\/index.php\/wp-json\/wp\/v2\/media?parent=11331"}],"curies":[{"name":"wp","href":"https:\/\/api.w.org\/{rel}","templated":true}]}}