{"id":11107,"date":"2020-10-29T12:11:53","date_gmt":"2020-10-29T11:11:53","guid":{"rendered":"https:\/\/weingaertner-it.de\/?page_id=11107"},"modified":"2023-11-14T09:21:11","modified_gmt":"2023-11-14T08:21:11","slug":"11107-2","status":"publish","type":"page","link":"https:\/\/weingaertner-it.de\/index.php\/11107-2\/","title":{"rendered":""},"content":{"rendered":"<h3 style=\"text-align: center;\"><strong>Aufgrund der hohen Nachfrage, kann die Bearbeitung von Bestellungen bis zu 24 Stunden dauern. <\/strong><\/h3>\n<h3 style=\"text-align: center;\"><strong>Alle Bestellungen werden in der Regel von Montag &#8211; Freitag bearbeitet.<\/strong><\/h3>\n<p>&nbsp;<\/p>\n<h2 style=\"text-align: center;\">Neu im Angebot:<\/h2>\n<p style=\"text-align: center;\"><strong><a href=\"https:\/\/weingaertner-it.de\/index.php\/produkt-kategorie\/firefish-hosting\/\">Firefish-Hosting<\/a><\/strong><\/p>\n<p style=\"text-align: center;\"><a href=\"https:\/\/weingaertner-it.de\/index.php\/produkt-kategorie\/lemmy-hosting\/\"><strong>Lemmy-Hosting<\/strong><\/a><\/p>\n<h2><\/h2>\n<h2 style=\"text-align: center;\"><strong>Currently we offer our hosting on request only in the European Union and Switzerland.<\/strong><\/h2>\n<p>&nbsp;<\/p>\n<h3 style=\"text-align: center;\"><strong>Alle Dienste werden in Rechenzentren innerhalb Deutschlands, die mit \u00d6kostrom betrieben werden, bereitgestellt.<\/strong><\/h3>\n<h3><\/h3>\n<p>&nbsp;<\/p>\n<p>&nbsp;<\/p>\n<p>&nbsp;<\/p>\n<p style=\"text-align: center;\"><a href=\"https:\/\/weingaertner-it.de\/index.php\/kontaktformular\/\" rel=\"noopener\">Lerntools-Hosting<\/a><\/p>\n<p style=\"text-align: center;\">Lerntools ist eine datensparsame Softwaresammlung von Lehrern f\u00fcr den Schulunterricht entwickelt. Mehr unter <a href=\"https:\/\/lerntools.org\" target=\"_blank\" rel=\"noopener\">lerntools.org<\/a> und <a href=\"https:\/\/codeberg.org\/lerntools\/base\" target=\"_blank\" rel=\"noopener\">https:\/\/codeberg.org\/lerntools\/base.<\/a><br \/>\nEine Demo-Instanz ist hier zu finden: <a href=\"https:\/\/demo.lrntools.de\" target=\"_blank\" rel=\"noopener\">Lerntools-Demo<\/a><\/p>\n<p style=\"text-align: center;\"><strong>Je nach Instanz-Gr\u00f6\u00dfe k\u00f6nnt Ihr bei der Buchung direkt die Entwicklung von Lerntools mit 0,50-1,50 \u20ac monatlich unterst\u00fctzen, das ist der Betrag, <\/strong><\/p>\n<p style=\"text-align: center;\"><strong>den ich an das Team direkt weitergebe.<\/strong><\/p>\n<h2><\/h2>\n<h2 class=\"title-post entry-title\" style=\"text-align: center;\">Managed Hosting Pl\u00e4ne<\/h2>\n<p style=\"text-align: center;\">Abschluss eines AV Vertrags und einer <a href=\"https:\/\/datenschutz.ekd.de\/infothek-items\/av-vertrag\/\" target=\"_blank\" rel=\"noopener\">kirchlichen Zusatzvereinbarung zum Datenschutz<\/a> m\u00f6glich.<\/p>\n<p>&nbsp;<\/p>\n<p style=\"text-align: center;\">Hier finden Sie eine Auswahl unserer Managed Hosting Pl\u00e4ne, falls Sie etwas vermissen oder individuelle Anpassungen ben\u00f6tigen, kontaktieren Sie uns einfach \u00fcber das Kontaktformular oder direkt \u00fcber Matrix:<\/p>\n<p style=\"text-align: center;\"><a href=\"https:\/\/matrix.to\/#\/@markus:chat.dresden.network\" target=\"_blank\" rel=\"noopener\">https:\/\/matrix.to\/#\/@markus:chat.dresden.network<\/a><\/p>\n<p>&nbsp;<\/p>\n<p style=\"text-align: center;\">Ein Upgrade der Instanzgr\u00f6\u00dfe ist jederzeit m\u00f6glich.<\/p>\n<p style=\"text-align: center;\">Keine eigene Domain, kein Problem, von uns bekommen Sie eine kostenlose Subdomain dazu.<\/p>\n<p style=\"text-align: center;\">Funkwhale- und Peertube-Instanzen werden t\u00e4glich gesichert (Aufbewahrung 7 Tage, Wiederherstellung \u00fcber Support-Ticket)<\/p>\n<h4 style=\"text-align: center;\"><strong>Funkwhale Hosting<\/strong><\/h4>\n<p style=\"text-align: center;\">Funkwhale ist ein Gemeinschaftsprojekt, das es dir erm\u00f6glicht, Musik und Audio innerhalb eines dezentrales, offenen Netzwerks zu h\u00f6ren und zu teilen.<\/p>\n<p style=\"text-align: center;\">Offizielle Webseite: <a href=\"https:\/\/funkwhale.audio\/\" target=\"_blank\" rel=\"noopener noreferrer\">Funkwhale.audio<\/a><\/p>\n<p style=\"text-align: center;\">Lizenz: <a href=\"https:\/\/dev.funkwhale.audio\/funkwhale\/funkwhale\/-\/blob\/develop\/LICENSE\" target=\"_blank\" rel=\"noopener noreferrer\">AGPLv3<\/a><\/p>\n<h4 style=\"text-align: center;\">[easy-pricing-table id=&#8220;11105&#8243;]<\/h4>\n<p>&nbsp;<\/p>\n<h4 style=\"text-align: center;\"><strong>Mastodon Hosting<\/strong><\/h4>\n<p style=\"text-align: center;\">Mastodon ist eine Microblogging-Plattform, die anderen \u00e4hnelt, die Sie vielleicht gesehen haben, wie z. B. Twitter. Statt zentralisiert zu sein, handelt es sich jedoch um ein Verbundnetzwerk, das \u00e4hnlich wie E-Mails funktioniert.<\/p>\n<h4 style=\"text-align: center;\">[easy-pricing-table id=&#8220;11117&#8243;]<\/h4>\n<p>&nbsp;<\/p>\n<h3 style=\"text-align: center;\"><strong>\u00a0<\/strong><\/h3>\n","protected":false},"excerpt":{"rendered":"<p>Aufgrund der hohen Nachfrage, kann die Bearbeitung von Bestellungen bis zu 24 Stunden dauern. Alle Bestellungen werden in der Regel von Montag &#8211; Freitag bearbeitet. &nbsp; Neu im Angebot: Firefish-Hosting Lemmy-Hosting Currently we offer our hosting on request only in the European Union and Switzerland. &nbsp; Alle Dienste werden in Rechenzentren innerhalb Deutschlands, die mit&#8230;<\/p>\n","protected":false},"author":1,"featured_media":0,"parent":0,"menu_order":0,"comment_status":"closed","ping_status":"closed","template":"","meta":{"_kad_post_transparent":"","_kad_post_title":"","_kad_post_layout":"","_kad_post_sidebar_id":"","_kad_post_content_style":"","_kad_post_vertical_padding":"","_kad_post_feature":"","_kad_post_feature_position":"","_kad_post_header":false,"_kad_post_footer":false,"_kad_post_classname":"","footnotes":""},"class_list":["post-11107","page","type-page","status-publish","hentry"],"aioseo_notices":[],"_links":{"self":[{"href":"https:\/\/weingaertner-it.de\/index.php\/wp-json\/wp\/v2\/pages\/11107","targetHints":{"allow":["GET"]}}],"collection":[{"href":"https:\/\/weingaertner-it.de\/index.php\/wp-json\/wp\/v2\/pages"}],"about":[{"href":"https:\/\/weingaertner-it.de\/index.php\/wp-json\/wp\/v2\/types\/page"}],"author":[{"embeddable":true,"href":"https:\/\/weingaertner-it.de\/index.php\/wp-json\/wp\/v2\/users\/1"}],"replies":[{"embeddable":true,"href":"https:\/\/weingaertner-it.de\/index.php\/wp-json\/wp\/v2\/comments?post=11107"}],"version-history":[{"count":0,"href":"https:\/\/weingaertner-it.de\/index.php\/wp-json\/wp\/v2\/pages\/11107\/revisions"}],"wp:attachment":[{"href":"https:\/\/weingaertner-it.de\/index.php\/wp-json\/wp\/v2\/media?parent=11107"}],"curies":[{"name":"wp","href":"https:\/\/api.w.org\/{rel}","templated":true}]}}